{"id":1035,"date":"2023-10-25T23:11:52","date_gmt":"2023-10-25T23:11:52","guid":{"rendered":"https:\/\/corporativoebg.com\/?page_id=1035"},"modified":"2023-11-09T18:51:03","modified_gmt":"2023-11-09T18:51:03","slug":"nosotros1","status":"publish","type":"page","link":"https:\/\/corporativoebg.com\/index.php\/nosotros1\/","title":{"rendered":"Nosotros"},"content":{"rendered":"\t\t<div data-elementor-type=\"wp-page\" data-elementor-id=\"1035\" class=\"elementor elementor-1035\" data-elementor-post-type=\"page\">\n\t\t\t\t<div class=\"elementor-element elementor-element-7354af6 e-flex e-con-boxed e-con e-parent\" data-id=\"7354af6\" data-element_type=\"container\">\n\t\t\t\t\t<div class=\"e-con-inner\">\n\t\t\t\t<div class=\"elementor-element elementor-element-5970d16 elementor-widget elementor-widget-htmega-verticletimeline-addons\" data-id=\"5970d16\" data-element_type=\"widget\" data-widget_type=\"htmega-verticletimeline-addons.default\">\n\t\t\t\t<div class=\"elementor-widget-container\">\n\t\t\t\t\t        <div class=\"htc-verctimeline-wrapper htmega-verticletimeline-style-2\">\n\n                           \n                                    <div class=\"ht-ver-timeline--2\">\n                                                    <div class=\"vertical-time\">\n                                <div class=\"vertical-date\">\n                                    <span class=\"month\">Nosotros<\/span>\n                                <\/div>\n                            <\/div>\n                                                    <div class=\"timeline-content\">\n                                <p><img fetchpriority=\"high\" decoding=\"async\" class=\"size-medium wp-image-1273 aligncenter\" src=\"https:\/\/corporativoebg.com\/wp-content\/uploads\/2023\/11\/concepto-negocio-equipo-cerca-300x200.jpg\" alt=\"\" width=\"300\" height=\"200\" srcset=\"https:\/\/corporativoebg.com\/wp-content\/uploads\/2023\/11\/concepto-negocio-equipo-cerca-300x200.jpg 300w, https:\/\/corporativoebg.com\/wp-content\/uploads\/2023\/11\/concepto-negocio-equipo-cerca-1024x683.jpg 1024w, https:\/\/corporativoebg.com\/wp-content\/uploads\/2023\/11\/concepto-negocio-equipo-cerca-768x512.jpg 768w, https:\/\/corporativoebg.com\/wp-content\/uploads\/2023\/11\/concepto-negocio-equipo-cerca-100x67.jpg 100w, https:\/\/corporativoebg.com\/wp-content\/uploads\/2023\/11\/concepto-negocio-equipo-cerca-1536x1024.jpg 1536w, https:\/\/corporativoebg.com\/wp-content\/uploads\/2023\/11\/concepto-negocio-equipo-cerca-2048x1365.jpg 2048w, https:\/\/corporativoebg.com\/wp-content\/uploads\/2023\/11\/concepto-negocio-equipo-cerca-1200x800.jpg 1200w\" sizes=\"(max-width: 300px) 100vw, 300px\" \/><\/p><p><span style=\"color: #ffffff\">Ante la din\u00e1mica constante de cambios y desaf\u00edos en diversos sectores, Corporativo EBG se ha destacado por su enfoque vers\u00e1til y multidisciplinario, proporcionando soluciones personalizadas que promueven la evoluci\u00f3n y la innovaci\u00f3n.<\/span><\/p>                            <\/div>\n                                            <\/div>\n                \n                           \n                                    <div class=\"ht-ver-timeline--2 vertical-reverse\">\n                                                    <div class=\"vertical-time\">\n                                <div class=\"vertical-date\">\n                                    <span class=\"month\">Misi\u00f3n<\/span>\n                                <\/div>\n                            <\/div>\n                                                    <div class=\"timeline-content\">\n                                <p><img decoding=\"async\" class=\"size-medium wp-image-1279 aligncenter\" src=\"https:\/\/corporativoebg.com\/wp-content\/uploads\/2023\/11\/aprender-mano-mano-grupo-cooperacion-cooperacion-300x200.jpg\" alt=\"\" width=\"300\" height=\"200\" srcset=\"https:\/\/corporativoebg.com\/wp-content\/uploads\/2023\/11\/aprender-mano-mano-grupo-cooperacion-cooperacion-300x200.jpg 300w, https:\/\/corporativoebg.com\/wp-content\/uploads\/2023\/11\/aprender-mano-mano-grupo-cooperacion-cooperacion-1024x683.jpg 1024w, https:\/\/corporativoebg.com\/wp-content\/uploads\/2023\/11\/aprender-mano-mano-grupo-cooperacion-cooperacion-768x512.jpg 768w, https:\/\/corporativoebg.com\/wp-content\/uploads\/2023\/11\/aprender-mano-mano-grupo-cooperacion-cooperacion-100x67.jpg 100w, https:\/\/corporativoebg.com\/wp-content\/uploads\/2023\/11\/aprender-mano-mano-grupo-cooperacion-cooperacion-1536x1024.jpg 1536w, https:\/\/corporativoebg.com\/wp-content\/uploads\/2023\/11\/aprender-mano-mano-grupo-cooperacion-cooperacion-2048x1365.jpg 2048w, https:\/\/corporativoebg.com\/wp-content\/uploads\/2023\/11\/aprender-mano-mano-grupo-cooperacion-cooperacion-1200x800.jpg 1200w\" sizes=\"(max-width: 300px) 100vw, 300px\" \/><\/p><p style=\"text-align: center\">Nuestra misi\u00f3n es liderar en la b\u00fasqueda de la excelencia en cada \u00e1mbito que abordamos, ofreciendo servicios que superan los est\u00e1ndares m\u00e1s exigentes. Nos comprometemos inquebrantablemente con la satisfacci\u00f3n del cliente y la mejora continua, trabajando en colaboraci\u00f3n con las industrias que servimos para impulsar su crecimiento y \u00e9xito, siendo un socio de confianza en la b\u00fasqueda de soluciones efectivas y eficientes.<\/p>                            <\/div>\n                                            <\/div>\n\n                \n                           \n                                    <div class=\"ht-ver-timeline--2\">\n                                                    <div class=\"vertical-time\">\n                                <div class=\"vertical-date\">\n                                    <span class=\"month\">Visi\u00f3n<\/span>\n                                <\/div>\n                            <\/div>\n                                                    <div class=\"timeline-content\">\n                                <p style=\"text-align: center\">Ser una organizaci\u00f3n competitiva en el mercado, capaz de brindar los mayores est\u00e1ndares de servicio, calidad y confianza conforme a las necesidades de nuestros clientes, generando seguridad al resguardar su condici\u00f3n y su entorno a trav\u00e9s del constante desarrollo en los servicios de salud, educaci\u00f3n, limpieza, seguridad privada y patrimonial.<\/p><p><img decoding=\"async\" class=\"size-medium wp-image-1280 aligncenter\" src=\"https:\/\/corporativoebg.com\/wp-content\/uploads\/2023\/11\/cerca-personas-que-trabajan-oficina-300x200.jpg\" alt=\"\" width=\"300\" height=\"200\" srcset=\"https:\/\/corporativoebg.com\/wp-content\/uploads\/2023\/11\/cerca-personas-que-trabajan-oficina-300x200.jpg 300w, https:\/\/corporativoebg.com\/wp-content\/uploads\/2023\/11\/cerca-personas-que-trabajan-oficina-1024x683.jpg 1024w, https:\/\/corporativoebg.com\/wp-content\/uploads\/2023\/11\/cerca-personas-que-trabajan-oficina-768x513.jpg 768w, https:\/\/corporativoebg.com\/wp-content\/uploads\/2023\/11\/cerca-personas-que-trabajan-oficina-100x67.jpg 100w, https:\/\/corporativoebg.com\/wp-content\/uploads\/2023\/11\/cerca-personas-que-trabajan-oficina-1536x1025.jpg 1536w, https:\/\/corporativoebg.com\/wp-content\/uploads\/2023\/11\/cerca-personas-que-trabajan-oficina-2048x1367.jpg 2048w, https:\/\/corporativoebg.com\/wp-content\/uploads\/2023\/11\/cerca-personas-que-trabajan-oficina-1200x800.jpg 1200w\" sizes=\"(max-width: 300px) 100vw, 300px\" \/><\/p>                            <\/div>\n                                            <\/div>\n                \n                           \n                                    <div class=\"ht-ver-timeline--2 vertical-reverse\">\n                                                    <div class=\"vertical-time\">\n                                <div class=\"vertical-date\">\n                                    <span class=\"month\">Valores<\/span>\n                                <\/div>\n                            <\/div>\n                                                    <div class=\"timeline-content\">\n                                <p style=\"text-align: center\">Somos una Empresa que fomenta el desarrollo integral, oportuno y eficaz en la prestaci\u00f3n de nuestros servicios con gran pasi\u00f3n, compromiso y calidad, donde fomentamos la cooperaci\u00f3n de los colaboradores para el logro de objetivos comunes.<\/p><p><img loading=\"lazy\" decoding=\"async\" class=\"size-medium wp-image-1281 aligncenter\" src=\"https:\/\/corporativoebg.com\/wp-content\/uploads\/2023\/11\/concepto-negocio-vista-lateral-mesa-gris-sucio-mano-sosteniendo-bloques-madera-iconos-300x200.jpg\" alt=\"\" width=\"300\" height=\"200\" srcset=\"https:\/\/corporativoebg.com\/wp-content\/uploads\/2023\/11\/concepto-negocio-vista-lateral-mesa-gris-sucio-mano-sosteniendo-bloques-madera-iconos-300x200.jpg 300w, https:\/\/corporativoebg.com\/wp-content\/uploads\/2023\/11\/concepto-negocio-vista-lateral-mesa-gris-sucio-mano-sosteniendo-bloques-madera-iconos-1024x683.jpg 1024w, https:\/\/corporativoebg.com\/wp-content\/uploads\/2023\/11\/concepto-negocio-vista-lateral-mesa-gris-sucio-mano-sosteniendo-bloques-madera-iconos-768x512.jpg 768w, https:\/\/corporativoebg.com\/wp-content\/uploads\/2023\/11\/concepto-negocio-vista-lateral-mesa-gris-sucio-mano-sosteniendo-bloques-madera-iconos-100x67.jpg 100w, https:\/\/corporativoebg.com\/wp-content\/uploads\/2023\/11\/concepto-negocio-vista-lateral-mesa-gris-sucio-mano-sosteniendo-bloques-madera-iconos-1536x1024.jpg 1536w, https:\/\/corporativoebg.com\/wp-content\/uploads\/2023\/11\/concepto-negocio-vista-lateral-mesa-gris-sucio-mano-sosteniendo-bloques-madera-iconos-2048x1365.jpg 2048w, https:\/\/corporativoebg.com\/wp-content\/uploads\/2023\/11\/concepto-negocio-vista-lateral-mesa-gris-sucio-mano-sosteniendo-bloques-madera-iconos-1200x800.jpg 1200w\" sizes=\"(max-width: 300px) 100vw, 300px\" \/><\/p>                            <\/div>\n                                            <\/div>\n\n                \n            \n        <\/div>\n\n        \t\t\t\t<\/div>\n\t\t\t\t<\/div>\n\t\t\t\t\t<\/div>\n\t\t\t\t<\/div>\n\t\t<div class=\"elementor-element elementor-element-4111cec e-flex e-con-boxed e-con e-parent\" data-id=\"4111cec\" data-element_type=\"container\">\n\t\t\t\t\t<div class=\"e-con-inner\">\n\t\t\t\t\t<\/div>\n\t\t\t\t<\/div>\n\t\t\t\t<\/div>\n\t\t","protected":false},"excerpt":{"rendered":"<p>Nosotros Ante la din\u00e1mica constante de cambios y desaf\u00edos en diversos sectores, Corporativo EBG se ha destacado por su enfoque vers\u00e1til y multidisciplinario, proporcionando soluciones personalizadas que promueven la evoluci\u00f3n y la innovaci\u00f3n. Misi\u00f3n Nuestra misi\u00f3n es liderar en la b\u00fasqueda de la excelencia en cada \u00e1mbito que abordamos, ofreciendo servicios que superan los est\u00e1ndares [&hellip;]<\/p>\n","protected":false},"author":1,"featured_media":0,"parent":0,"menu_order":0,"comment_status":"closed","ping_status":"closed","template":"","meta":{"_joinchat":[],"footnotes":""},"class_list":["post-1035","page","type-page","status-publish","hentry"],"_links":{"self":[{"href":"https:\/\/corporativoebg.com\/index.php\/wp-json\/wp\/v2\/pages\/1035","targetHints":{"allow":["GET"]}}],"collection":[{"href":"https:\/\/corporativoebg.com\/index.php\/wp-json\/wp\/v2\/pages"}],"about":[{"href":"https:\/\/corporativoebg.com\/index.php\/wp-json\/wp\/v2\/types\/page"}],"author":[{"embeddable":true,"href":"https:\/\/corporativoebg.com\/index.php\/wp-json\/wp\/v2\/users\/1"}],"replies":[{"embeddable":true,"href":"https:\/\/corporativoebg.com\/index.php\/wp-json\/wp\/v2\/comments?post=1035"}],"version-history":[{"count":97,"href":"https:\/\/corporativoebg.com\/index.php\/wp-json\/wp\/v2\/pages\/1035\/revisions"}],"predecessor-version":[{"id":1386,"href":"https:\/\/corporativoebg.com\/index.php\/wp-json\/wp\/v2\/pages\/1035\/revisions\/1386"}],"wp:attachment":[{"href":"https:\/\/corporativoebg.com\/index.php\/wp-json\/wp\/v2\/media?parent=1035"}],"curies":[{"name":"wp","href":"https:\/\/api.w.org\/{rel}","templated":true}]}}