{"id":708,"date":"2022-08-04T18:07:40","date_gmt":"2022-08-04T18:07:40","guid":{"rendered":"https:\/\/corporativoebg.com\/?page_id=708"},"modified":"2023-11-09T19:12:03","modified_gmt":"2023-11-09T19:12:03","slug":"sectores-222","status":"publish","type":"page","link":"https:\/\/corporativoebg.com\/index.php\/sectores-222\/","title":{"rendered":"Sectores 222"},"content":{"rendered":"\t\t<div data-elementor-type=\"wp-page\" data-elementor-id=\"708\" class=\"elementor elementor-708\" data-elementor-post-type=\"page\">\n\t\t\t\t<div class=\"elementor-element elementor-element-c0a3617 e-flex e-con-boxed e-con e-parent\" data-id=\"c0a3617\" data-element_type=\"container\">\n\t\t\t\t\t<div class=\"e-con-inner\">\n\t\t<div class=\"elementor-element elementor-element-aeb9711 e-con-full e-flex e-con e-child\" data-id=\"aeb9711\" data-element_type=\"container\">\n\t\t\t\t<div class=\"elementor-element elementor-element-8d064d6 elementor-widget elementor-widget-image\" data-id=\"8d064d6\" data-element_type=\"widget\" data-widget_type=\"image.default\">\n\t\t\t\t<div class=\"elementor-widget-container\">\n\t\t\t\t\t\t\t\t\t\t\t\t\t\t\t<img fetchpriority=\"high\" decoding=\"async\" width=\"591\" height=\"332\" src=\"https:\/\/corporativoebg.com\/wp-content\/uploads\/2023\/10\/TYJLOGOPWEBB.png\" class=\"attachment-large size-large wp-image-1168\" alt=\"\" srcset=\"https:\/\/corporativoebg.com\/wp-content\/uploads\/2023\/10\/TYJLOGOPWEBB.png 591w, https:\/\/corporativoebg.com\/wp-content\/uploads\/2023\/10\/TYJLOGOPWEBB-300x169.png 300w, https:\/\/corporativoebg.com\/wp-content\/uploads\/2023\/10\/TYJLOGOPWEBB-100x56.png 100w\" sizes=\"(max-width: 591px) 100vw, 591px\" \/>\t\t\t\t\t\t\t\t\t\t\t\t\t\t\t<\/div>\n\t\t\t\t<\/div>\n\t\t\t\t<div class=\"elementor-element elementor-element-597a4d0 hide-first elementor-invisible elementor-widget elementor-widget-heading\" data-id=\"597a4d0\" data-element_type=\"widget\" data-settings=\"{&quot;_animation&quot;:&quot;fadeInUp&quot;,&quot;_animation_delay&quot;:300}\" data-widget_type=\"heading.default\">\n\t\t\t\t<div class=\"elementor-widget-container\">\n\t\t\t\t\t<h2 class=\"elementor-heading-title elementor-size-default\">T&amp;J Seguridad Privada y Especializada<\/h2>\t\t\t\t<\/div>\n\t\t\t\t<\/div>\n\t\t\t\t<div class=\"elementor-element elementor-element-0c0c6b5 hide-first elementor-invisible elementor-widget elementor-widget-text-editor\" data-id=\"0c0c6b5\" data-element_type=\"widget\" data-settings=\"{&quot;_animation&quot;:&quot;fadeInUp&quot;,&quot;_animation_delay&quot;:800}\" data-widget_type=\"text-editor.default\">\n\t\t\t\t<div class=\"elementor-widget-container\">\n\t\t\t\t\t\t\t\t\t<p style=\"text-align: center;\"><span style=\"color: #ffffff;\">Sector Residencial, Comercial, Escolar, Industrial, Monitoreo CCTV y Ciber Seguridad<\/span><\/p>\t\t\t\t\t\t\t\t<\/div>\n\t\t\t\t<\/div>\n\t\t\t\t<div class=\"elementor-element elementor-element-1ee540d elementor-align-center hide-first elementor-invisible elementor-widget elementor-widget-button\" data-id=\"1ee540d\" data-element_type=\"widget\" data-settings=\"{&quot;_animation&quot;:&quot;fadeInUp&quot;,&quot;_animation_delay&quot;:1000}\" data-widget_type=\"button.default\">\n\t\t\t\t<div class=\"elementor-widget-container\">\n\t\t\t\t\t\t\t\t\t<div class=\"elementor-button-wrapper\">\n\t\t\t\t\t<a class=\"elementor-button elementor-button-link elementor-size-sm\" href=\"https:\/\/tyjseguridadprivada.com\">\n\t\t\t\t\t\t<span class=\"elementor-button-content-wrapper\">\n\t\t\t\t\t\t\t\t\t<span class=\"elementor-button-text\">Visitar la P\u00e1gina<\/span>\n\t\t\t\t\t<\/span>\n\t\t\t\t\t<\/a>\n\t\t\t\t<\/div>\n\t\t\t\t\t\t\t\t<\/div>\n\t\t\t\t<\/div>\n\t\t\t\t<\/div>\n\t\t<div class=\"elementor-element elementor-element-ffe221e e-con-full e-flex e-con e-child\" data-id=\"ffe221e\" data-element_type=\"container\">\n\t\t\t\t<div class=\"elementor-element elementor-element-b57feaa elementor-widget elementor-widget-image\" data-id=\"b57feaa\" data-element_type=\"widget\" data-widget_type=\"image.default\">\n\t\t\t\t<div class=\"elementor-widget-container\">\n\t\t\t\t\t\t\t\t\t\t\t\t\t\t\t<img decoding=\"async\" width=\"591\" height=\"332\" src=\"https:\/\/corporativoebg.com\/wp-content\/uploads\/2023\/10\/BRILLOLOGOPWEB-1.png\" class=\"attachment-large size-large wp-image-1164\" alt=\"\" srcset=\"https:\/\/corporativoebg.com\/wp-content\/uploads\/2023\/10\/BRILLOLOGOPWEB-1.png 591w, https:\/\/corporativoebg.com\/wp-content\/uploads\/2023\/10\/BRILLOLOGOPWEB-1-300x169.png 300w, https:\/\/corporativoebg.com\/wp-content\/uploads\/2023\/10\/BRILLOLOGOPWEB-1-100x56.png 100w\" sizes=\"(max-width: 591px) 100vw, 591px\" \/>\t\t\t\t\t\t\t\t\t\t\t\t\t\t\t<\/div>\n\t\t\t\t<\/div>\n\t\t\t\t<div class=\"elementor-element elementor-element-244b88d hide-first elementor-invisible elementor-widget elementor-widget-heading\" data-id=\"244b88d\" data-element_type=\"widget\" data-settings=\"{&quot;_animation&quot;:&quot;fadeInUp&quot;,&quot;_animation_delay&quot;:300}\" data-widget_type=\"heading.default\">\n\t\t\t\t<div class=\"elementor-widget-container\">\n\t\t\t\t\t<h2 class=\"elementor-heading-title elementor-size-default\">Brillo y Limpieza<\/h2>\t\t\t\t<\/div>\n\t\t\t\t<\/div>\n\t\t\t\t<div class=\"elementor-element elementor-element-48e8b1b hide-first elementor-invisible elementor-widget elementor-widget-text-editor\" data-id=\"48e8b1b\" data-element_type=\"widget\" data-settings=\"{&quot;_animation&quot;:&quot;fadeInUp&quot;,&quot;_animation_delay&quot;:800}\" data-widget_type=\"text-editor.default\">\n\t\t\t\t<div class=\"elementor-widget-container\">\n\t\t\t\t\t\t\t\t\t<p style=\"text-align: center;\"><span style=\"color: #ffffff;\">Sector Corporativo, Residencial, Cl\u00ednica, Comercial, Industrial, Escolar, Obra Fina y Limpieza para eventos<\/span><\/p>\t\t\t\t\t\t\t\t<\/div>\n\t\t\t\t<\/div>\n\t\t\t\t<div class=\"elementor-element elementor-element-81172fd elementor-align-center hide-first elementor-invisible elementor-widget elementor-widget-button\" data-id=\"81172fd\" data-element_type=\"widget\" data-settings=\"{&quot;_animation&quot;:&quot;fadeInUp&quot;,&quot;_animation_delay&quot;:1000}\" data-widget_type=\"button.default\">\n\t\t\t\t<div class=\"elementor-widget-container\">\n\t\t\t\t\t\t\t\t\t<div class=\"elementor-button-wrapper\">\n\t\t\t\t\t<a class=\"elementor-button elementor-button-link elementor-size-sm\" href=\"https:\/\/corporativobl.com\">\n\t\t\t\t\t\t<span class=\"elementor-button-content-wrapper\">\n\t\t\t\t\t\t\t\t\t<span class=\"elementor-button-text\">Visitar la P\u00e1gina<\/span>\n\t\t\t\t\t<\/span>\n\t\t\t\t\t<\/a>\n\t\t\t\t<\/div>\n\t\t\t\t\t\t\t\t<\/div>\n\t\t\t\t<\/div>\n\t\t\t\t<\/div>\n\t\t\t\t\t<\/div>\n\t\t\t\t<\/div>\n\t\t<div class=\"elementor-element elementor-element-688988c e-flex e-con-boxed e-con e-parent\" data-id=\"688988c\" data-element_type=\"container\">\n\t\t\t\t\t<div class=\"e-con-inner\">\n\t\t<div class=\"elementor-element elementor-element-8fb509c e-con-full e-flex e-con e-child\" data-id=\"8fb509c\" data-element_type=\"container\">\n\t\t\t\t<div class=\"elementor-element elementor-element-aeb3769 elementor-widget elementor-widget-image\" data-id=\"aeb3769\" data-element_type=\"widget\" data-widget_type=\"image.default\">\n\t\t\t\t<div class=\"elementor-widget-container\">\n\t\t\t\t\t\t\t\t\t\t\t\t\t\t\t<img decoding=\"async\" width=\"591\" height=\"332\" src=\"https:\/\/corporativoebg.com\/wp-content\/uploads\/2023\/11\/WEBEBGLOGOSikblanco.png\" class=\"attachment-large size-large wp-image-1354\" alt=\"\" srcset=\"https:\/\/corporativoebg.com\/wp-content\/uploads\/2023\/11\/WEBEBGLOGOSikblanco.png 591w, https:\/\/corporativoebg.com\/wp-content\/uploads\/2023\/11\/WEBEBGLOGOSikblanco-300x169.png 300w, https:\/\/corporativoebg.com\/wp-content\/uploads\/2023\/11\/WEBEBGLOGOSikblanco-100x56.png 100w\" sizes=\"(max-width: 591px) 100vw, 591px\" \/>\t\t\t\t\t\t\t\t\t\t\t\t\t\t\t<\/div>\n\t\t\t\t<\/div>\n\t\t\t\t<div class=\"elementor-element elementor-element-f80d93b hide-first elementor-invisible elementor-widget elementor-widget-heading\" data-id=\"f80d93b\" data-element_type=\"widget\" data-settings=\"{&quot;_animation&quot;:&quot;fadeInUp&quot;,&quot;_animation_delay&quot;:300}\" data-widget_type=\"heading.default\">\n\t\t\t\t<div class=\"elementor-widget-container\">\n\t\t\t\t\t<h2 class=\"elementor-heading-title elementor-size-default\">Inmobili-k<\/h2>\t\t\t\t<\/div>\n\t\t\t\t<\/div>\n\t\t\t\t<div class=\"elementor-element elementor-element-705ed44 hide-first elementor-invisible elementor-widget elementor-widget-text-editor\" data-id=\"705ed44\" data-element_type=\"widget\" data-settings=\"{&quot;_animation&quot;:&quot;fadeInUp&quot;,&quot;_animation_delay&quot;:800}\" data-widget_type=\"text-editor.default\">\n\t\t\t\t<div class=\"elementor-widget-container\">\n\t\t\t\t\t\t\t\t\t<p style=\"text-align: center;\"><span style=\"color: #ffffff;\">Facilita tus procesos y conseguir que tu experiencia en el sector inmobiliario sea la mejor.<\/span><\/p>\t\t\t\t\t\t\t\t<\/div>\n\t\t\t\t<\/div>\n\t\t\t\t<div class=\"elementor-element elementor-element-41930d9 elementor-align-center hide-first elementor-invisible elementor-widget elementor-widget-button\" data-id=\"41930d9\" data-element_type=\"widget\" data-settings=\"{&quot;_animation&quot;:&quot;fadeInUp&quot;,&quot;_animation_delay&quot;:1000}\" data-widget_type=\"button.default\">\n\t\t\t\t<div class=\"elementor-widget-container\">\n\t\t\t\t\t\t\t\t\t<div class=\"elementor-button-wrapper\">\n\t\t\t\t\t<a class=\"elementor-button elementor-button-link elementor-size-sm\" href=\"https:\/\/inmobilik.com\">\n\t\t\t\t\t\t<span class=\"elementor-button-content-wrapper\">\n\t\t\t\t\t\t\t\t\t<span class=\"elementor-button-text\">Visitar la P\u00e1gina<\/span>\n\t\t\t\t\t<\/span>\n\t\t\t\t\t<\/a>\n\t\t\t\t<\/div>\n\t\t\t\t\t\t\t\t<\/div>\n\t\t\t\t<\/div>\n\t\t\t\t<\/div>\n\t\t<div class=\"elementor-element elementor-element-4e2ebef e-con-full e-flex e-con e-child\" data-id=\"4e2ebef\" data-element_type=\"container\">\n\t\t\t\t<div class=\"elementor-element elementor-element-55487ab elementor-widget elementor-widget-image\" data-id=\"55487ab\" data-element_type=\"widget\" data-widget_type=\"image.default\">\n\t\t\t\t<div class=\"elementor-widget-container\">\n\t\t\t\t\t\t\t\t\t\t\t\t\t\t\t<img loading=\"lazy\" decoding=\"async\" width=\"591\" height=\"332\" src=\"https:\/\/corporativoebg.com\/wp-content\/uploads\/2023\/10\/GAMALOGOPWEBB.png\" class=\"attachment-large size-large wp-image-1166\" alt=\"\" srcset=\"https:\/\/corporativoebg.com\/wp-content\/uploads\/2023\/10\/GAMALOGOPWEBB.png 591w, https:\/\/corporativoebg.com\/wp-content\/uploads\/2023\/10\/GAMALOGOPWEBB-300x169.png 300w, https:\/\/corporativoebg.com\/wp-content\/uploads\/2023\/10\/GAMALOGOPWEBB-100x56.png 100w\" sizes=\"(max-width: 591px) 100vw, 591px\" \/>\t\t\t\t\t\t\t\t\t\t\t\t\t\t\t<\/div>\n\t\t\t\t<\/div>\n\t\t\t\t<div class=\"elementor-element elementor-element-24bbcc7 hide-first elementor-invisible elementor-widget elementor-widget-heading\" data-id=\"24bbcc7\" data-element_type=\"widget\" data-settings=\"{&quot;_animation&quot;:&quot;fadeInUp&quot;,&quot;_animation_delay&quot;:300}\" data-widget_type=\"heading.default\">\n\t\t\t\t<div class=\"elementor-widget-container\">\n\t\t\t\t\t<h2 class=\"elementor-heading-title elementor-size-default\">GAMA y ASOCIADOS<\/h2>\t\t\t\t<\/div>\n\t\t\t\t<\/div>\n\t\t\t\t<div class=\"elementor-element elementor-element-3ff5b29 hide-first elementor-invisible elementor-widget elementor-widget-text-editor\" data-id=\"3ff5b29\" data-element_type=\"widget\" data-settings=\"{&quot;_animation&quot;:&quot;fadeInUp&quot;,&quot;_animation_delay&quot;:800}\" data-widget_type=\"text-editor.default\">\n\t\t\t\t<div class=\"elementor-widget-container\">\n\t\t\t\t\t\t\t\t\t<p style=\"text-align: center;\"><span style=\"color: #ffffff;\">Derecho jur\u00eddico en modalidad familiar, mercantil, civil, fiscal y laboral.\u00a0<\/span><\/p>\t\t\t\t\t\t\t\t<\/div>\n\t\t\t\t<\/div>\n\t\t\t\t<div class=\"elementor-element elementor-element-63ea6ef elementor-align-center hide-first elementor-invisible elementor-widget elementor-widget-button\" data-id=\"63ea6ef\" data-element_type=\"widget\" data-settings=\"{&quot;_animation&quot;:&quot;fadeInUp&quot;,&quot;_animation_delay&quot;:1000}\" data-widget_type=\"button.default\">\n\t\t\t\t<div class=\"elementor-widget-container\">\n\t\t\t\t\t\t\t\t\t<div class=\"elementor-button-wrapper\">\n\t\t\t\t\t<a class=\"elementor-button elementor-button-link elementor-size-sm\" href=\"https:\/\/gamayasociados.com\">\n\t\t\t\t\t\t<span class=\"elementor-button-content-wrapper\">\n\t\t\t\t\t\t\t\t\t<span class=\"elementor-button-text\">Visitar la P\u00e1gina<\/span>\n\t\t\t\t\t<\/span>\n\t\t\t\t\t<\/a>\n\t\t\t\t<\/div>\n\t\t\t\t\t\t\t\t<\/div>\n\t\t\t\t<\/div>\n\t\t\t\t<\/div>\n\t\t\t\t\t<\/div>\n\t\t\t\t<\/div>\n\t\t<div class=\"elementor-element elementor-element-11d1bb7 e-flex e-con-boxed e-con e-parent\" data-id=\"11d1bb7\" data-element_type=\"container\">\n\t\t\t\t\t<div class=\"e-con-inner\">\n\t\t<div class=\"elementor-element elementor-element-1276e37 e-con-full e-flex e-con e-child\" data-id=\"1276e37\" data-element_type=\"container\">\n\t\t\t\t<div class=\"elementor-element elementor-element-e13b309 elementor-widget elementor-widget-image\" data-id=\"e13b309\" data-element_type=\"widget\" data-widget_type=\"image.default\">\n\t\t\t\t<div class=\"elementor-widget-container\">\n\t\t\t\t\t\t\t\t\t\t\t\t\t\t\t<img loading=\"lazy\" decoding=\"async\" width=\"591\" height=\"332\" src=\"https:\/\/corporativoebg.com\/wp-content\/uploads\/2023\/10\/CBCLOGOPWEBB.png\" class=\"attachment-large size-large wp-image-1165\" alt=\"\" srcset=\"https:\/\/corporativoebg.com\/wp-content\/uploads\/2023\/10\/CBCLOGOPWEBB.png 591w, https:\/\/corporativoebg.com\/wp-content\/uploads\/2023\/10\/CBCLOGOPWEBB-300x169.png 300w, https:\/\/corporativoebg.com\/wp-content\/uploads\/2023\/10\/CBCLOGOPWEBB-100x56.png 100w\" sizes=\"(max-width: 591px) 100vw, 591px\" \/>\t\t\t\t\t\t\t\t\t\t\t\t\t\t\t<\/div>\n\t\t\t\t<\/div>\n\t\t\t\t<div class=\"elementor-element elementor-element-212099a hide-first elementor-invisible elementor-widget elementor-widget-heading\" data-id=\"212099a\" data-element_type=\"widget\" data-settings=\"{&quot;_animation&quot;:&quot;fadeInUp&quot;,&quot;_animation_delay&quot;:300}\" data-widget_type=\"heading.default\">\n\t\t\t\t<div class=\"elementor-widget-container\">\n\t\t\t\t\t<h2 class=\"elementor-heading-title elementor-size-default\">CBC Computacional<\/h2>\t\t\t\t<\/div>\n\t\t\t\t<\/div>\n\t\t\t\t<div class=\"elementor-element elementor-element-c16d760 hide-first elementor-invisible elementor-widget elementor-widget-text-editor\" data-id=\"c16d760\" data-element_type=\"widget\" data-settings=\"{&quot;_animation&quot;:&quot;fadeInUp&quot;,&quot;_animation_delay&quot;:800}\" data-widget_type=\"text-editor.default\">\n\t\t\t\t<div class=\"elementor-widget-container\">\n\t\t\t\t\t\t\t\t\t<p style=\"text-align: center;\"><span style=\"color: #ffffff;\">Facilitando la Tecnolog\u00eda para un desarrollo profesional excepcional.<\/span><\/p>\t\t\t\t\t\t\t\t<\/div>\n\t\t\t\t<\/div>\n\t\t\t\t<div class=\"elementor-element elementor-element-3f92d1b elementor-align-center hide-first elementor-invisible elementor-widget elementor-widget-button\" data-id=\"3f92d1b\" data-element_type=\"widget\" data-settings=\"{&quot;_animation&quot;:&quot;fadeInUp&quot;,&quot;_animation_delay&quot;:1000}\" data-widget_type=\"button.default\">\n\t\t\t\t<div class=\"elementor-widget-container\">\n\t\t\t\t\t\t\t\t\t<div class=\"elementor-button-wrapper\">\n\t\t\t\t\t<a class=\"elementor-button elementor-button-link elementor-size-sm\" href=\"http:\/\/CBCcomputacional.com\">\n\t\t\t\t\t\t<span class=\"elementor-button-content-wrapper\">\n\t\t\t\t\t\t\t\t\t<span class=\"elementor-button-text\">Visitar la P\u00e1gina<\/span>\n\t\t\t\t\t<\/span>\n\t\t\t\t\t<\/a>\n\t\t\t\t<\/div>\n\t\t\t\t\t\t\t\t<\/div>\n\t\t\t\t<\/div>\n\t\t\t\t<\/div>\n\t\t\t\t\t<\/div>\n\t\t\t\t<\/div>\n\t\t\t\t<\/div>\n\t\t","protected":false},"excerpt":{"rendered":"<p>T&amp;J Seguridad Privada y Especializada Sector Residencial, Comercial, Escolar, Industrial, Monitoreo CCTV y Ciber Seguridad Visitar la P\u00e1gina Brillo y Limpieza Sector Corporativo, Residencial, Cl\u00ednica, Comercial, Industrial, Escolar, Obra Fina y Limpieza para eventos Visitar la P\u00e1gina Inmobili-k Facilita tus procesos y conseguir que tu experiencia en el sector inmobiliario sea la mejor. Visitar la [&hellip;]<\/p>\n","protected":false},"author":1,"featured_media":0,"parent":0,"menu_order":0,"comment_status":"closed","ping_status":"closed","template":"","meta":{"_joinchat":[],"footnotes":""},"class_list":["post-708","page","type-page","status-publish","hentry"],"_links":{"self":[{"href":"https:\/\/corporativoebg.com\/index.php\/wp-json\/wp\/v2\/pages\/708","targetHints":{"allow":["GET"]}}],"collection":[{"href":"https:\/\/corporativoebg.com\/index.php\/wp-json\/wp\/v2\/pages"}],"about":[{"href":"https:\/\/corporativoebg.com\/index.php\/wp-json\/wp\/v2\/types\/page"}],"author":[{"embeddable":true,"href":"https:\/\/corporativoebg.com\/index.php\/wp-json\/wp\/v2\/users\/1"}],"replies":[{"embeddable":true,"href":"https:\/\/corporativoebg.com\/index.php\/wp-json\/wp\/v2\/comments?post=708"}],"version-history":[{"count":133,"href":"https:\/\/corporativoebg.com\/index.php\/wp-json\/wp\/v2\/pages\/708\/revisions"}],"predecessor-version":[{"id":1392,"href":"https:\/\/corporativoebg.com\/index.php\/wp-json\/wp\/v2\/pages\/708\/revisions\/1392"}],"wp:attachment":[{"href":"https:\/\/corporativoebg.com\/index.php\/wp-json\/wp\/v2\/media?parent=708"}],"curies":[{"name":"wp","href":"https:\/\/api.w.org\/{rel}","templated":true}]}}