{"id":77,"date":"2022-06-02T17:22:15","date_gmt":"2022-06-02T17:22:15","guid":{"rendered":"https:\/\/corporativoebg.com\/?page_id=77"},"modified":"2025-06-20T21:56:08","modified_gmt":"2025-06-20T21:56:08","slug":"inicio","status":"publish","type":"page","link":"https:\/\/corporativoebg.com\/","title":{"rendered":"Inicio"},"content":{"rendered":"\t\t<div data-elementor-type=\"wp-page\" data-elementor-id=\"77\" class=\"elementor elementor-77\" data-elementor-post-type=\"page\">\n\t\t\t\t\t\t<section class=\"elementor-section elementor-top-section elementor-element elementor-element-0e60f47 elementor-section-boxed elementor-section-height-default elementor-section-height-default\" data-id=\"0e60f47\" data-element_type=\"section\">\n\t\t\t\t\t\t<div class=\"elementor-container elementor-column-gap-default\">\n\t\t\t\t\t<div class=\"elementor-column elementor-col-100 elementor-top-column elementor-element elementor-element-304c1bb\" data-id=\"304c1bb\" data-element_type=\"column\">\n\t\t\t<div class=\"elementor-widget-wrap elementor-element-populated\">\n\t\t\t\t\t\t<div class=\"elementor-element elementor-element-6259abd elementor-widget elementor-widget-spacer\" data-id=\"6259abd\" data-element_type=\"widget\" data-widget_type=\"spacer.default\">\n\t\t\t\t<div class=\"elementor-widget-container\">\n\t\t\t\t\t\t\t<div class=\"elementor-spacer\">\n\t\t\t<div class=\"elementor-spacer-inner\"><\/div>\n\t\t<\/div>\n\t\t\t\t\t\t<\/div>\n\t\t\t\t<\/div>\n\t\t\t\t\t<\/div>\n\t\t<\/div>\n\t\t\t\t\t<\/div>\n\t\t<\/section>\n\t\t\t\t<section class=\"elementor-section elementor-top-section elementor-element elementor-element-d43f2e5 elementor-section-boxed elementor-section-height-default elementor-section-height-default\" data-id=\"d43f2e5\" data-element_type=\"section\">\n\t\t\t\t\t\t<div class=\"elementor-container elementor-column-gap-default\">\n\t\t\t\t\t<div class=\"elementor-column elementor-col-50 elementor-top-column elementor-element elementor-element-308a6f9\" data-id=\"308a6f9\" data-element_type=\"column\">\n\t\t\t<div class=\"elementor-widget-wrap elementor-element-populated\">\n\t\t\t\t\t\t<div class=\"elementor-element elementor-element-3669d4e elementor-widget__width-inherit elementor-widget elementor-widget-image\" data-id=\"3669d4e\" data-element_type=\"widget\" data-settings=\"{&quot;motion_fx_motion_fx_mouse&quot;:&quot;yes&quot;,&quot;motion_fx_mouseTrack_effect&quot;:&quot;yes&quot;,&quot;motion_fx_tilt_effect&quot;:&quot;yes&quot;,&quot;motion_fx_tilt_speed&quot;:{&quot;unit&quot;:&quot;px&quot;,&quot;size&quot;:10,&quot;sizes&quot;:[]},&quot;motion_fx_mouseTrack_speed&quot;:{&quot;unit&quot;:&quot;px&quot;,&quot;size&quot;:2.5,&quot;sizes&quot;:[]},&quot;motion_fx_tilt_direction&quot;:&quot;negative&quot;}\" data-widget_type=\"image.default\">\n\t\t\t\t<div class=\"elementor-widget-container\">\n\t\t\t\t\t\t\t\t\t\t\t\t\t\t\t<img fetchpriority=\"high\" decoding=\"async\" width=\"768\" height=\"593\" src=\"https:\/\/corporativoebg.com\/wp-content\/uploads\/2022\/06\/LOGOEBGblanco-1-768x593.png\" class=\"attachment-medium_large size-medium_large wp-image-107\" alt=\"\" srcset=\"https:\/\/corporativoebg.com\/wp-content\/uploads\/2022\/06\/LOGOEBGblanco-1-768x593.png 768w, https:\/\/corporativoebg.com\/wp-content\/uploads\/2022\/06\/LOGOEBGblanco-1-300x232.png 300w, https:\/\/corporativoebg.com\/wp-content\/uploads\/2022\/06\/LOGOEBGblanco-1.png 792w\" sizes=\"(max-width: 768px) 100vw, 768px\" \/>\t\t\t\t\t\t\t\t\t\t\t\t\t\t\t<\/div>\n\t\t\t\t<\/div>\n\t\t\t\t\t<\/div>\n\t\t<\/div>\n\t\t\t\t<div class=\"elementor-column elementor-col-50 elementor-top-column elementor-element elementor-element-565629e\" data-id=\"565629e\" data-element_type=\"column\">\n\t\t\t<div class=\"elementor-widget-wrap elementor-element-populated\">\n\t\t\t\t\t\t<div class=\"elementor-element elementor-element-2fb30b4 elementor-widget elementor-widget-heading\" data-id=\"2fb30b4\" data-element_type=\"widget\" data-widget_type=\"heading.default\">\n\t\t\t\t<div class=\"elementor-widget-container\">\n\t\t\t\t\t<h2 class=\"elementor-heading-title elementor-size-default\">Corporativo EBG<\/h2>\t\t\t\t<\/div>\n\t\t\t\t<\/div>\n\t\t\t\t<div class=\"elementor-element elementor-element-7349ab3 elementor-widget elementor-widget-text-editor\" data-id=\"7349ab3\" data-element_type=\"widget\" data-widget_type=\"text-editor.default\">\n\t\t\t\t<div class=\"elementor-widget-container\">\n\t\t\t\t\t\t\t\t\t<p style=\"text-align: center;\"><span style=\"color: #ffffff;\">Corporativo EBG se estableci\u00f3 en un momento en que la sociedad y la econom\u00eda del pa\u00eds buscaban soluciones de vanguardia para impulsar la eficiencia y la excelencia en una variedad de sectores fundamentales. Desde sus inicios, nuestra empresa se ha centrado en satisfacer la creciente necesidad de servicios excepcionales en las esferas operativas y administrativas de \u00e1reas cr\u00edticas para el desarrollo nacional, abarcando una amplia gama de sectores, entre los que destacan la atenci\u00f3n de la salud, la educaci\u00f3n, el sector inmobiliario, la gesti\u00f3n de servicios de limpieza y la asesor\u00eda legal.<\/span><\/p>\t\t\t\t\t\t\t\t<\/div>\n\t\t\t\t<\/div>\n\t\t\t\t\t<\/div>\n\t\t<\/div>\n\t\t\t\t\t<\/div>\n\t\t<\/section>\n\t\t\t\t<section class=\"elementor-section elementor-top-section elementor-element elementor-element-ae13461 elementor-section-boxed elementor-section-height-default elementor-section-height-default\" data-id=\"ae13461\" data-element_type=\"section\">\n\t\t\t\t\t\t<div class=\"elementor-container elementor-column-gap-default\">\n\t\t\t\t\t<div class=\"elementor-column elementor-col-100 elementor-top-column elementor-element elementor-element-85e722b\" data-id=\"85e722b\" data-element_type=\"column\">\n\t\t\t<div class=\"elementor-widget-wrap elementor-element-populated\">\n\t\t\t\t\t\t<div class=\"elementor-element elementor-element-1dcc454 elementor-widget elementor-widget-spacer\" data-id=\"1dcc454\" data-element_type=\"widget\" data-widget_type=\"spacer.default\">\n\t\t\t\t<div class=\"elementor-widget-container\">\n\t\t\t\t\t\t\t<div class=\"elementor-spacer\">\n\t\t\t<div class=\"elementor-spacer-inner\"><\/div>\n\t\t<\/div>\n\t\t\t\t\t\t<\/div>\n\t\t\t\t<\/div>\n\t\t\t\t\t<\/div>\n\t\t<\/div>\n\t\t\t\t\t<\/div>\n\t\t<\/section>\n\t\t\t\t<section class=\"elementor-section elementor-top-section elementor-element elementor-element-1b43161 elementor-section-boxed elementor-section-height-default elementor-section-height-default\" data-id=\"1b43161\" data-element_type=\"section\">\n\t\t\t\t\t\t<div class=\"elementor-container elementor-column-gap-default\">\n\t\t\t\t\t<div class=\"elementor-column elementor-col-100 elementor-top-column elementor-element elementor-element-f3ac726\" data-id=\"f3ac726\" data-element_type=\"column\">\n\t\t\t<div class=\"elementor-widget-wrap elementor-element-populated\">\n\t\t\t\t\t\t<div class=\"elementor-element elementor-element-3a908f4 elementor--h-position-center elementor--v-position-middle elementor-arrows-position-inside elementor-pagination-position-inside elementor-widget elementor-widget-slides\" data-id=\"3a908f4\" data-element_type=\"widget\" data-settings=\"{&quot;transition&quot;:&quot;fade&quot;,&quot;navigation&quot;:&quot;both&quot;,&quot;autoplay&quot;:&quot;yes&quot;,&quot;pause_on_hover&quot;:&quot;yes&quot;,&quot;pause_on_interaction&quot;:&quot;yes&quot;,&quot;autoplay_speed&quot;:5000,&quot;infinite&quot;:&quot;yes&quot;,&quot;transition_speed&quot;:500}\" data-widget_type=\"slides.default\">\n\t\t\t\t<div class=\"elementor-widget-container\">\n\t\t\t\t\t\t\t\t\t<div class=\"elementor-swiper\">\n\t\t\t\t\t<div class=\"elementor-slides-wrapper elementor-main-swiper swiper\" role=\"region\" aria-roledescription=\"carousel\" aria-label=\"Slides\" dir=\"ltr\" data-animation=\"fadeInUp\">\n\t\t\t\t<div class=\"swiper-wrapper elementor-slides\">\n\t\t\t\t\t\t\t\t\t\t<div class=\"elementor-repeater-item-13f5068 swiper-slide\" role=\"group\" aria-roledescription=\"slide\"><div class=\"swiper-slide-bg elementor-ken-burns elementor-ken-burns--in\" role=\"img\"><\/div><div class=\"elementor-background-overlay\"><\/div><div class=\"swiper-slide-inner\" ><div class=\"swiper-slide-contents\"><h1 class=\"elementor-slide-heading\">Brillo y Limpieza<\/h1><div class=\"elementor-slide-description\">Sector Corporativo, Residencial, Cl\u00ednica, Comercial, Industrial, Escolar, Obra Fina y Limpieza para eventos<\/div><a href=\"https:\/\/corporativobl.com\" class=\"elementor-button elementor-slide-button elementor-size-sm\">Ir a la P\u00e1gina<\/a><\/div><\/div><\/div><div class=\"elementor-repeater-item-ba3cc71 swiper-slide\" role=\"group\" aria-roledescription=\"slide\"><div class=\"swiper-slide-bg elementor-ken-burns elementor-ken-burns--in\" role=\"img\"><\/div><div class=\"elementor-background-overlay\"><\/div><div class=\"swiper-slide-inner\" ><div class=\"swiper-slide-contents\"><h1 class=\"elementor-slide-heading\">T&J Seguridad Privada y Especializada<\/h1><div class=\"elementor-slide-description\">Sector Residencial, Comercial, Escolar, Industrial, Monitoreo CCTV y Ciber Seguridad<\/div><a href=\"https:\/\/tyjseguridadprivada.com\" class=\"elementor-button elementor-slide-button elementor-size-sm\">Ir a la P\u00e1gina<\/a><\/div><\/div><\/div><div class=\"elementor-repeater-item-104e91b swiper-slide\" role=\"group\" aria-roledescription=\"slide\"><div class=\"swiper-slide-bg elementor-ken-burns elementor-ken-burns--in\" role=\"img\"><\/div><div class=\"elementor-background-overlay\"><\/div><a class=\"swiper-slide-inner\" href=\"https:\/\/gamayasociados.com\"><div class=\"swiper-slide-contents\"><h1 class=\"elementor-slide-heading\">GAMA Y ASOCIADOS<\/h1><div class=\"elementor-slide-description\">Derecho jur\u00eddico en modalidad familiar, mercantil, civil, fiscal y laboral.<\/div><div  class=\"elementor-button elementor-slide-button elementor-size-sm\">Ir a la P\u00e1gina<\/div><\/div><\/a><\/div><div class=\"elementor-repeater-item-accc567 swiper-slide\" role=\"group\" aria-roledescription=\"slide\"><div class=\"swiper-slide-bg elementor-ken-burns elementor-ken-burns--in\" role=\"img\"><\/div><div class=\"elementor-background-overlay\"><\/div><a class=\"swiper-slide-inner\" href=\"https:\/\/inmobilik.com\"><div class=\"swiper-slide-contents\"><h1 class=\"elementor-slide-heading\">Inmobili-k<\/h1><div class=\"elementor-slide-description\">Facilita tus procesos y conseguir que tu experiencia en el sector inmobiliario sea la mejor.<\/div><div  class=\"elementor-button elementor-slide-button elementor-size-sm\">Ir a la P\u00e1gina<\/div><\/div><\/a><\/div><div class=\"elementor-repeater-item-bf6d1aa swiper-slide\" role=\"group\" aria-roledescription=\"slide\"><div class=\"swiper-slide-bg elementor-ken-burns elementor-ken-burns--in\" role=\"img\"><\/div><div class=\"elementor-background-overlay\"><\/div><div class=\"swiper-slide-inner\" ><div class=\"swiper-slide-contents\"><h1 class=\"elementor-slide-heading\">CBC Computacional<\/h1><div class=\"elementor-slide-description\">Facilitando la tecnolog\u00eda para un desarrollo personal y profesional excepcional.<\/div><a href=\"https:\/\/cbccomputacional.com\" class=\"elementor-button elementor-slide-button elementor-size-sm\">Ir a la P\u00e1gina<\/a><\/div><\/div><\/div>\t\t\t\t<\/div>\n\t\t\t\t\t\t\t\t\t\t\t\t\t\t\t<div class=\"elementor-swiper-button elementor-swiper-button-prev\" role=\"button\" tabindex=\"0\" aria-label=\"Previous slide\">\n\t\t\t\t\t\t\t<i aria-hidden=\"true\" class=\"eicon-chevron-left\"><\/i>\t\t\t\t\t\t<\/div>\n\t\t\t\t\t\t<div class=\"elementor-swiper-button elementor-swiper-button-next\" role=\"button\" tabindex=\"0\" aria-label=\"Next slide\">\n\t\t\t\t\t\t\t<i aria-hidden=\"true\" class=\"eicon-chevron-right\"><\/i>\t\t\t\t\t\t<\/div>\n\t\t\t\t\t\t\t\t\t\t\t\t\t\t\t\t<div class=\"swiper-pagination\"><\/div>\n\t\t\t\t\t\t\t\t\t\t\t\t<\/div>\n\t\t\t\t<\/div>\n\t\t\t\t\t\t\t\t<\/div>\n\t\t\t\t<\/div>\n\t\t\t\t\t<\/div>\n\t\t<\/div>\n\t\t\t\t\t<\/div>\n\t\t<\/section>\n\t\t\t\t<\/div>\n\t\t","protected":false},"excerpt":{"rendered":"<p>Corporativo EBG Corporativo EBG se estableci\u00f3 en un momento en que la sociedad y la econom\u00eda del pa\u00eds buscaban soluciones de vanguardia para impulsar la eficiencia y la excelencia en una variedad de sectores fundamentales. Desde sus inicios, nuestra empresa se ha centrado en satisfacer la creciente necesidad de servicios excepcionales en las esferas operativas [&hellip;]<\/p>\n","protected":false},"author":1,"featured_media":0,"parent":0,"menu_order":0,"comment_status":"closed","ping_status":"closed","template":"","meta":{"_joinchat":[],"footnotes":""},"class_list":["post-77","page","type-page","status-publish","hentry"],"_links":{"self":[{"href":"https:\/\/corporativoebg.com\/index.php\/wp-json\/wp\/v2\/pages\/77","targetHints":{"allow":["GET"]}}],"collection":[{"href":"https:\/\/corporativoebg.com\/index.php\/wp-json\/wp\/v2\/pages"}],"about":[{"href":"https:\/\/corporativoebg.com\/index.php\/wp-json\/wp\/v2\/types\/page"}],"author":[{"embeddable":true,"href":"https:\/\/corporativoebg.com\/index.php\/wp-json\/wp\/v2\/users\/1"}],"replies":[{"embeddable":true,"href":"https:\/\/corporativoebg.com\/index.php\/wp-json\/wp\/v2\/comments?post=77"}],"version-history":[{"count":104,"href":"https:\/\/corporativoebg.com\/index.php\/wp-json\/wp\/v2\/pages\/77\/revisions"}],"predecessor-version":[{"id":1470,"href":"https:\/\/corporativoebg.com\/index.php\/wp-json\/wp\/v2\/pages\/77\/revisions\/1470"}],"wp:attachment":[{"href":"https:\/\/corporativoebg.com\/index.php\/wp-json\/wp\/v2\/media?parent=77"}],"curies":[{"name":"wp","href":"https:\/\/api.w.org\/{rel}","templated":true}]}}